{"id":11,"date":"2026-05-13T12:07:16","date_gmt":"2026-05-13T12:07:16","guid":{"rendered":"https:\/\/z19.esteraspytek.pl\/?page_id=11"},"modified":"2026-05-13T12:07:16","modified_gmt":"2026-05-13T12:07:16","slug":"o-firmie","status":"publish","type":"page","link":"https:\/\/z19.esteraspytek.pl\/?page_id=11","title":{"rendered":"O firmie"},"content":{"rendered":"\n<p>Nasza firma zajmuje si\u0119 \u015bwiadczeniem us\u0142ug dla klient\u00f3w indywidualnych oraz firm. Stawiamy na rzetelno\u015b\u0107, terminowo\u015b\u0107 i dobry kontakt z klientem.<\/p>\n","protected":false},"excerpt":{"rendered":"<p>Nasza firma zajmuje si\u0119 \u015bwiadczeniem us\u0142ug dla klient\u00f3w indywidualnych oraz firm. Stawiamy na rzetelno\u015b\u0107, terminowo\u015b\u0107 i dobry kontakt z klientem.<\/p>\n","protected":false},"author":1,"featured_media":0,"parent":0,"menu_order":0,"comment_status":"closed","ping_status":"closed","template":"","meta":{"footnotes":""},"class_list":["post-11","page","type-page","status-publish","hentry"],"_links":{"self":[{"href":"https:\/\/z19.esteraspytek.pl\/index.php?rest_route=\/wp\/v2\/pages\/11","targetHints":{"allow":["GET"]}}],"collection":[{"href":"https:\/\/z19.esteraspytek.pl\/index.php?rest_route=\/wp\/v2\/pages"}],"about":[{"href":"https:\/\/z19.esteraspytek.pl\/index.php?rest_route=\/wp\/v2\/types\/page"}],"author":[{"embeddable":true,"href":"https:\/\/z19.esteraspytek.pl\/index.php?rest_route=\/wp\/v2\/users\/1"}],"replies":[{"embeddable":true,"href":"https:\/\/z19.esteraspytek.pl\/index.php?rest_route=%2Fwp%2Fv2%2Fcomments&post=11"}],"version-history":[{"count":1,"href":"https:\/\/z19.esteraspytek.pl\/index.php?rest_route=\/wp\/v2\/pages\/11\/revisions"}],"predecessor-version":[{"id":12,"href":"https:\/\/z19.esteraspytek.pl\/index.php?rest_route=\/wp\/v2\/pages\/11\/revisions\/12"}],"wp:attachment":[{"href":"https:\/\/z19.esteraspytek.pl\/index.php?rest_route=%2Fwp%2Fv2%2Fmedia&parent=11"}],"curies":[{"name":"wp","href":"https:\/\/api.w.org\/{rel}","templated":true}]}}