{"id":17,"date":"2026-05-13T12:09:56","date_gmt":"2026-05-13T12:09:56","guid":{"rendered":"https:\/\/z19.esteraspytek.pl\/?page_id=17"},"modified":"2026-05-13T12:22:11","modified_gmt":"2026-05-13T12:22:11","slug":"jak-do-nas-dotrzec","status":"publish","type":"page","link":"https:\/\/z19.esteraspytek.pl\/?page_id=17","title":{"rendered":"Jak do nas dotrze\u0107"},"content":{"rendered":"\n<p>Poni\u017cej znajduje si\u0119 mapa z lokalizacj\u0105 naszej firmy.<\/p>\n\n\n\n<iframe src=\"https:\/\/www.google.com\/maps\/embed?pb=!1m14!1m8!1m3!1d8762.448483263755!2d18.130763!3d53.143258!3m2!1i1024!2i768!4f13.1!3m3!1m2!1s0x470313b103a9ea1d%3A0x2a29c87a5d2749d5!2sPolitechnika%20Bydgoska%20im.%20Jana%20i%20J%C4%99drzeja%20%C5%9Aniadeckich!5e1!3m2!1spl!2sus!4v1778674844738!5m2!1spl!2sus\" width=\"600\" height=\"450\" style=\"border:0;\" allowfullscreen=\"\" loading=\"lazy\" referrerpolicy=\"no-referrer-when-downgrade\"><\/iframe>\n\n\n\n<p><\/p>\n","protected":false},"excerpt":{"rendered":"<p>Poni\u017cej znajduje si\u0119 mapa z lokalizacj\u0105 naszej firmy.<\/p>\n","protected":false},"author":1,"featured_media":0,"parent":0,"menu_order":0,"comment_status":"closed","ping_status":"closed","template":"","meta":{"footnotes":""},"class_list":["post-17","page","type-page","status-publish","hentry"],"_links":{"self":[{"href":"https:\/\/z19.esteraspytek.pl\/index.php?rest_route=\/wp\/v2\/pages\/17","targetHints":{"allow":["GET"]}}],"collection":[{"href":"https:\/\/z19.esteraspytek.pl\/index.php?rest_route=\/wp\/v2\/pages"}],"about":[{"href":"https:\/\/z19.esteraspytek.pl\/index.php?rest_route=\/wp\/v2\/types\/page"}],"author":[{"embeddable":true,"href":"https:\/\/z19.esteraspytek.pl\/index.php?rest_route=\/wp\/v2\/users\/1"}],"replies":[{"embeddable":true,"href":"https:\/\/z19.esteraspytek.pl\/index.php?rest_route=%2Fwp%2Fv2%2Fcomments&post=17"}],"version-history":[{"count":3,"href":"https:\/\/z19.esteraspytek.pl\/index.php?rest_route=\/wp\/v2\/pages\/17\/revisions"}],"predecessor-version":[{"id":22,"href":"https:\/\/z19.esteraspytek.pl\/index.php?rest_route=\/wp\/v2\/pages\/17\/revisions\/22"}],"wp:attachment":[{"href":"https:\/\/z19.esteraspytek.pl\/index.php?rest_route=%2Fwp%2Fv2%2Fmedia&parent=17"}],"curies":[{"name":"wp","href":"https:\/\/api.w.org\/{rel}","templated":true}]}}